{"id":101,"date":"2025-11-06T18:45:00","date_gmt":"2025-11-06T18:45:00","guid":{"rendered":"https:\/\/aromasybarricas.com\/?page_id=101"},"modified":"2025-11-08T10:35:38","modified_gmt":"2025-11-08T10:35:38","slug":"cata-de-vino","status":"publish","type":"page","link":"https:\/\/aromasybarricas.com\/","title":{"rendered":"Cata de vinos"},"content":{"rendered":"\n<div class=\"wp-block-cover alignfull is-light\"><img loading=\"lazy\" decoding=\"async\" width=\"1024\" height=\"683\" class=\"wp-block-cover__image-background wp-image-163 size-large\" alt=\"\" src=\"https:\/\/aromasybarricas.com\/wp-content\/uploads\/2025\/11\/julie-sd-fDTv0BqaiFw-unsplash-1024x683.jpg\" data-object-fit=\"cover\" srcset=\"https:\/\/aromasybarricas.com\/wp-content\/uploads\/2025\/11\/julie-sd-fDTv0BqaiFw-unsplash-1024x683.jpg 1024w, https:\/\/aromasybarricas.com\/wp-content\/uploads\/2025\/11\/julie-sd-fDTv0BqaiFw-unsplash-300x200.jpg 300w, https:\/\/aromasybarricas.com\/wp-content\/uploads\/2025\/11\/julie-sd-fDTv0BqaiFw-unsplash-768x512.jpg 768w, https:\/\/aromasybarricas.com\/wp-content\/uploads\/2025\/11\/julie-sd-fDTv0BqaiFw-unsplash-1536x1024.jpg 1536w, https:\/\/aromasybarricas.com\/wp-content\/uploads\/2025\/11\/julie-sd-fDTv0BqaiFw-unsplash-2048x1365.jpg 2048w, https:\/\/aromasybarricas.com\/wp-content\/uploads\/2025\/11\/julie-sd-fDTv0BqaiFw-unsplash-600x400.jpg 600w\" sizes=\"auto, (max-width: 1024px) 100vw, 1024px\" \/><span aria-hidden=\"true\" class=\"wp-block-cover__background has-background-dim\" style=\"background-color:#918a87\"><\/span><div class=\"wp-block-cover__inner-container has-global-padding is-layout-constrained wp-block-cover-is-layout-constrained\">\n<p class=\"has-text-align-center has-large-font-size\"><strong>Cata de vinos: una experiencia para los cinco sentidos<\/strong><br>Descubre los matices, aromas y emociones que esconde cada copa.<\/p>\n<\/div><\/div>\n\n\n\n<p class=\"has-text-align-left\">Nuestras catas te invitan a explorar el mundo del vino de una forma cercana, sensorial y educativa.<br>Acompa\u00f1ado por expertos, aprender\u00e1s a identificar aromas, sabores y texturas mientras descubres la historia detr\u00e1s de cada botella.<\/p>\n\n\n\n<div class=\"wp-block-columns is-layout-flex wp-container-core-columns-is-layout-28f84493 wp-block-columns-is-layout-flex\">\n<div class=\"wp-block-column is-layout-flow wp-block-column-is-layout-flow\">\n<p class=\"has-text-align-center\"><a href=\"https:\/\/aromasybarricas.com\/index.php\/cata-clasica\/\" data-type=\"page\" data-id=\"180\">Cata cl\u00e1sica<\/a> <\/p>\n\n\n\n<figure class=\"wp-block-image aligncenter size-large\"><img loading=\"lazy\" decoding=\"async\" width=\"683\" height=\"1024\" src=\"https:\/\/aromasybarricas.com\/wp-content\/uploads\/2025\/11\/tim-l-productions-Kny8iSPBQ0w-unsplash-683x1024.jpg\" alt=\"\" class=\"wp-image-167\" srcset=\"https:\/\/aromasybarricas.com\/wp-content\/uploads\/2025\/11\/tim-l-productions-Kny8iSPBQ0w-unsplash-683x1024.jpg 683w, https:\/\/aromasybarricas.com\/wp-content\/uploads\/2025\/11\/tim-l-productions-Kny8iSPBQ0w-unsplash-200x300.jpg 200w, https:\/\/aromasybarricas.com\/wp-content\/uploads\/2025\/11\/tim-l-productions-Kny8iSPBQ0w-unsplash-768x1151.jpg 768w, https:\/\/aromasybarricas.com\/wp-content\/uploads\/2025\/11\/tim-l-productions-Kny8iSPBQ0w-unsplash-1025x1536.jpg 1025w, https:\/\/aromasybarricas.com\/wp-content\/uploads\/2025\/11\/tim-l-productions-Kny8iSPBQ0w-unsplash-1367x2048.jpg 1367w, https:\/\/aromasybarricas.com\/wp-content\/uploads\/2025\/11\/tim-l-productions-Kny8iSPBQ0w-unsplash-600x899.jpg 600w, https:\/\/aromasybarricas.com\/wp-content\/uploads\/2025\/11\/tim-l-productions-Kny8iSPBQ0w-unsplash-scaled.jpg 1709w\" sizes=\"auto, (max-width: 683px) 100vw, 683px\" \/><figcaption class=\"wp-element-caption\"><br>Una introducci\u00f3n ideal al mundo del vino. Aprende a degustar y reconocer las diferencias entre tintos, blancos y rosados.<\/figcaption><\/figure>\n<\/div>\n\n\n\n<div class=\"wp-block-column is-layout-flow wp-block-column-is-layout-flow\">\n<p class=\"has-text-align-center\"><a href=\"https:\/\/aromasybarricas.com\/index.php\/cata-premium\/\" data-type=\"page\" data-id=\"184\">Cata premium<\/a><\/p>\n\n\n\n<figure class=\"wp-block-image aligncenter size-large\"><img loading=\"lazy\" decoding=\"async\" width=\"683\" height=\"1024\" src=\"https:\/\/aromasybarricas.com\/wp-content\/uploads\/2025\/11\/vinarija-perak-oIEHykdZnN0-unsplash-683x1024.jpg\" alt=\"\" class=\"wp-image-168\" srcset=\"https:\/\/aromasybarricas.com\/wp-content\/uploads\/2025\/11\/vinarija-perak-oIEHykdZnN0-unsplash-683x1024.jpg 683w, https:\/\/aromasybarricas.com\/wp-content\/uploads\/2025\/11\/vinarija-perak-oIEHykdZnN0-unsplash-200x300.jpg 200w, https:\/\/aromasybarricas.com\/wp-content\/uploads\/2025\/11\/vinarija-perak-oIEHykdZnN0-unsplash-768x1152.jpg 768w, https:\/\/aromasybarricas.com\/wp-content\/uploads\/2025\/11\/vinarija-perak-oIEHykdZnN0-unsplash-1024x1536.jpg 1024w, https:\/\/aromasybarricas.com\/wp-content\/uploads\/2025\/11\/vinarija-perak-oIEHykdZnN0-unsplash-1365x2048.jpg 1365w, https:\/\/aromasybarricas.com\/wp-content\/uploads\/2025\/11\/vinarija-perak-oIEHykdZnN0-unsplash-600x900.jpg 600w, https:\/\/aromasybarricas.com\/wp-content\/uploads\/2025\/11\/vinarija-perak-oIEHykdZnN0-unsplash-scaled.jpg 1707w\" sizes=\"auto, (max-width: 683px) 100vw, 683px\" \/><figcaption class=\"wp-element-caption\"><br>Vinos de autor y ediciones limitadas, maridados con productos gourmet. Una experiencia exclusiva para los paladares curiosos.<\/figcaption><\/figure>\n<\/div>\n\n\n\n<div class=\"wp-block-column is-layout-flow wp-block-column-is-layout-flow\">\n<p class=\"has-text-align-center\"><a href=\"https:\/\/aromasybarricas.com\/index.php\/cata-en-bodega\/\" data-type=\"page\" data-id=\"189\">Cata en bodega<\/a><\/p>\n\n\n\n<figure class=\"wp-block-image aligncenter size-large\"><img loading=\"lazy\" decoding=\"async\" width=\"683\" height=\"1024\" src=\"https:\/\/aromasybarricas.com\/wp-content\/uploads\/2025\/11\/anna-kaminova-ckjuMXBLu7o-unsplash-683x1024.jpg\" alt=\"\" class=\"wp-image-169\" srcset=\"https:\/\/aromasybarricas.com\/wp-content\/uploads\/2025\/11\/anna-kaminova-ckjuMXBLu7o-unsplash-683x1024.jpg 683w, https:\/\/aromasybarricas.com\/wp-content\/uploads\/2025\/11\/anna-kaminova-ckjuMXBLu7o-unsplash-200x300.jpg 200w, https:\/\/aromasybarricas.com\/wp-content\/uploads\/2025\/11\/anna-kaminova-ckjuMXBLu7o-unsplash-768x1152.jpg 768w, https:\/\/aromasybarricas.com\/wp-content\/uploads\/2025\/11\/anna-kaminova-ckjuMXBLu7o-unsplash-1024x1536.jpg 1024w, https:\/\/aromasybarricas.com\/wp-content\/uploads\/2025\/11\/anna-kaminova-ckjuMXBLu7o-unsplash-1365x2048.jpg 1365w, https:\/\/aromasybarricas.com\/wp-content\/uploads\/2025\/11\/anna-kaminova-ckjuMXBLu7o-unsplash-600x900.jpg 600w, https:\/\/aromasybarricas.com\/wp-content\/uploads\/2025\/11\/anna-kaminova-ckjuMXBLu7o-unsplash-scaled.jpg 1707w\" sizes=\"auto, (max-width: 683px) 100vw, 683px\" \/><figcaption class=\"wp-element-caption\"><br>Vive la cata en su lugar de origen. Visita los vi\u00f1edos, conoce el proceso y degusta directamente desde la barrica.<\/figcaption><\/figure>\n<\/div>\n<\/div>\n\n\n\n<hr class=\"wp-block-separator has-alpha-channel-opacity\"\/>\n\n\n\n<h2 class=\"wp-block-heading\">El arte de combinar sabores<\/h2>\n\n\n\n<div class=\"wp-block-media-text is-stacked-on-mobile\"><figure class=\"wp-block-media-text__media\"><img loading=\"lazy\" decoding=\"async\" width=\"768\" height=\"1024\" src=\"https:\/\/aromasybarricas.com\/wp-content\/uploads\/2025\/11\/chelsea-pridham-MMOXoxE_Gj0-unsplash-768x1024.jpg\" alt=\"\" class=\"wp-image-178 size-full\" srcset=\"https:\/\/aromasybarricas.com\/wp-content\/uploads\/2025\/11\/chelsea-pridham-MMOXoxE_Gj0-unsplash-768x1024.jpg 768w, https:\/\/aromasybarricas.com\/wp-content\/uploads\/2025\/11\/chelsea-pridham-MMOXoxE_Gj0-unsplash-225x300.jpg 225w, https:\/\/aromasybarricas.com\/wp-content\/uploads\/2025\/11\/chelsea-pridham-MMOXoxE_Gj0-unsplash-1152x1536.jpg 1152w, https:\/\/aromasybarricas.com\/wp-content\/uploads\/2025\/11\/chelsea-pridham-MMOXoxE_Gj0-unsplash-1536x2048.jpg 1536w, https:\/\/aromasybarricas.com\/wp-content\/uploads\/2025\/11\/chelsea-pridham-MMOXoxE_Gj0-unsplash-600x800.jpg 600w, https:\/\/aromasybarricas.com\/wp-content\/uploads\/2025\/11\/chelsea-pridham-MMOXoxE_Gj0-unsplash-scaled.jpg 1920w\" sizes=\"auto, (max-width: 768px) 100vw, 768px\" \/><\/figure><div class=\"wp-block-media-text__content\">\n<p>Complementa tu experiencia con una selecci\u00f3n de quesos, embutidos y chocolates artesanales que realzan los matices del vino.<\/p>\n<\/div><\/div>\n","protected":false},"excerpt":{"rendered":"<p>Nuestras catas te invitan a explorar el mundo del vino de una forma cercana, sensorial y educativa.Acompa\u00f1ado por expertos, aprender\u00e1s a identificar aromas, sabores y texturas mientras descubres la historia detr\u00e1s de cada botella. Cata cl\u00e1sica Cata premium Cata en bodega El arte de combinar sabores Complementa tu experiencia con una selecci\u00f3n de quesos, embutidos [&hellip;]<\/p>\n","protected":false},"author":1,"featured_media":0,"parent":189,"menu_order":0,"comment_status":"closed","ping_status":"closed","template":"","meta":{"footnotes":""},"class_list":["post-101","page","type-page","status-publish","hentry"],"_links":{"self":[{"href":"https:\/\/aromasybarricas.com\/index.php\/wp-json\/wp\/v2\/pages\/101","targetHints":{"allow":["GET"]}}],"collection":[{"href":"https:\/\/aromasybarricas.com\/index.php\/wp-json\/wp\/v2\/pages"}],"about":[{"href":"https:\/\/aromasybarricas.com\/index.php\/wp-json\/wp\/v2\/types\/page"}],"author":[{"embeddable":true,"href":"https:\/\/aromasybarricas.com\/index.php\/wp-json\/wp\/v2\/users\/1"}],"replies":[{"embeddable":true,"href":"https:\/\/aromasybarricas.com\/index.php\/wp-json\/wp\/v2\/comments?post=101"}],"version-history":[{"count":9,"href":"https:\/\/aromasybarricas.com\/index.php\/wp-json\/wp\/v2\/pages\/101\/revisions"}],"predecessor-version":[{"id":232,"href":"https:\/\/aromasybarricas.com\/index.php\/wp-json\/wp\/v2\/pages\/101\/revisions\/232"}],"up":[{"embeddable":true,"href":"https:\/\/aromasybarricas.com\/index.php\/wp-json\/wp\/v2\/pages\/189"}],"wp:attachment":[{"href":"https:\/\/aromasybarricas.com\/index.php\/wp-json\/wp\/v2\/media?parent=101"}],"curies":[{"name":"wp","href":"https:\/\/api.w.org\/{rel}","templated":true}]}}