{"id":180,"date":"2025-11-07T17:02:16","date_gmt":"2025-11-07T17:02:16","guid":{"rendered":"https:\/\/aromasybarricas.com\/?page_id=180"},"modified":"2025-11-07T17:02:16","modified_gmt":"2025-11-07T17:02:16","slug":"cata-clasica","status":"publish","type":"page","link":"https:\/\/aromasybarricas.com\/cata-clasica\/","title":{"rendered":"Cata cl\u00e1sica"},"content":{"rendered":"\n<p>La Cata Cl\u00e1sica est\u00e1 pensada para quienes desean adentrarse en el fascinante universo del vino.<br>En un ambiente relajado y did\u00e1ctico, aprender\u00e1s a identificar aromas, sabores y colores, guiado por expertos que compartir\u00e1n contigo los secretos de la cata profesional.<\/p>\n\n\n\n<figure class=\"wp-block-image size-large\"><img loading=\"lazy\" decoding=\"async\" width=\"1024\" height=\"768\" src=\"https:\/\/aromasybarricas.com\/wp-content\/uploads\/2025\/11\/chelsea-pridham-uRrvCbaVRLw-unsplash-1024x768.jpg\" alt=\"\" class=\"wp-image-181\" srcset=\"https:\/\/aromasybarricas.com\/wp-content\/uploads\/2025\/11\/chelsea-pridham-uRrvCbaVRLw-unsplash-1024x768.jpg 1024w, https:\/\/aromasybarricas.com\/wp-content\/uploads\/2025\/11\/chelsea-pridham-uRrvCbaVRLw-unsplash-300x225.jpg 300w, https:\/\/aromasybarricas.com\/wp-content\/uploads\/2025\/11\/chelsea-pridham-uRrvCbaVRLw-unsplash-768x576.jpg 768w, https:\/\/aromasybarricas.com\/wp-content\/uploads\/2025\/11\/chelsea-pridham-uRrvCbaVRLw-unsplash-1536x1152.jpg 1536w, https:\/\/aromasybarricas.com\/wp-content\/uploads\/2025\/11\/chelsea-pridham-uRrvCbaVRLw-unsplash-2048x1536.jpg 2048w, https:\/\/aromasybarricas.com\/wp-content\/uploads\/2025\/11\/chelsea-pridham-uRrvCbaVRLw-unsplash-600x450.jpg 600w\" sizes=\"auto, (max-width: 1024px) 100vw, 1024px\" \/><\/figure>\n\n\n\n<p>Incluye:<\/p>\n\n\n\n<ul class=\"wp-block-list\">\n<li>Degustaci\u00f3n de 4 vinos seleccionados (blanco, rosado y tintos j\u00f3venes).<\/li>\n\n\n\n<li>Material did\u00e1ctico para aprender sobre aromas y maridajes.<\/li>\n\n\n\n<li>Gu\u00eda profesional durante toda la actividad.<\/li>\n\n\n\n<li>Diploma de participaci\u00f3n.<\/li>\n<\/ul>\n","protected":false},"excerpt":{"rendered":"<p>La Cata Cl\u00e1sica est\u00e1 pensada para quienes desean adentrarse en el fascinante universo del vino.En un ambiente relajado y did\u00e1ctico, aprender\u00e1s a identificar aromas, sabores y colores, guiado por expertos que compartir\u00e1n contigo los secretos de la cata profesional. Incluye:<\/p>\n","protected":false},"author":1,"featured_media":0,"parent":0,"menu_order":0,"comment_status":"closed","ping_status":"closed","template":"","meta":{"footnotes":""},"class_list":["post-180","page","type-page","status-publish","hentry"],"_links":{"self":[{"href":"https:\/\/aromasybarricas.com\/wp-json\/wp\/v2\/pages\/180","targetHints":{"allow":["GET"]}}],"collection":[{"href":"https:\/\/aromasybarricas.com\/wp-json\/wp\/v2\/pages"}],"about":[{"href":"https:\/\/aromasybarricas.com\/wp-json\/wp\/v2\/types\/page"}],"author":[{"embeddable":true,"href":"https:\/\/aromasybarricas.com\/wp-json\/wp\/v2\/users\/1"}],"replies":[{"embeddable":true,"href":"https:\/\/aromasybarricas.com\/wp-json\/wp\/v2\/comments?post=180"}],"version-history":[{"count":1,"href":"https:\/\/aromasybarricas.com\/wp-json\/wp\/v2\/pages\/180\/revisions"}],"predecessor-version":[{"id":182,"href":"https:\/\/aromasybarricas.com\/wp-json\/wp\/v2\/pages\/180\/revisions\/182"}],"wp:attachment":[{"href":"https:\/\/aromasybarricas.com\/wp-json\/wp\/v2\/media?parent=180"}],"curies":[{"name":"wp","href":"https:\/\/api.w.org\/{rel}","templated":true}]}}