{"id":189,"date":"2025-11-07T17:17:22","date_gmt":"2025-11-07T17:17:22","guid":{"rendered":"https:\/\/aromasybarricas.com\/?page_id=189"},"modified":"2025-11-07T17:17:22","modified_gmt":"2025-11-07T17:17:22","slug":"cata-en-bodega","status":"publish","type":"page","link":"https:\/\/aromasybarricas.com\/index.php\/cata-en-bodega\/","title":{"rendered":"Cata en bodega"},"content":{"rendered":"\n<p>Emb\u00e1rcate en una experiencia aut\u00e9ntica entre vi\u00f1edos y barricas.<br>La Cata en Bodega te sumerge en la esencia del vino, desde la vid hasta la copa.<br>Descubre los secretos de la elaboraci\u00f3n mientras recorres nuestras bodegas colaboradoras y disfrutas de un entorno natural inigualable.<\/p>\n\n\n\n<figure class=\"wp-block-image size-large\"><img loading=\"lazy\" decoding=\"async\" width=\"1024\" height=\"683\" src=\"https:\/\/aromasybarricas.com\/wp-content\/uploads\/2025\/11\/tamara-malaniy-jyii09cghJE-unsplash-1024x683.jpg\" alt=\"\" class=\"wp-image-191\" srcset=\"https:\/\/aromasybarricas.com\/wp-content\/uploads\/2025\/11\/tamara-malaniy-jyii09cghJE-unsplash-1024x683.jpg 1024w, https:\/\/aromasybarricas.com\/wp-content\/uploads\/2025\/11\/tamara-malaniy-jyii09cghJE-unsplash-300x200.jpg 300w, https:\/\/aromasybarricas.com\/wp-content\/uploads\/2025\/11\/tamara-malaniy-jyii09cghJE-unsplash-768x512.jpg 768w, https:\/\/aromasybarricas.com\/wp-content\/uploads\/2025\/11\/tamara-malaniy-jyii09cghJE-unsplash-1536x1024.jpg 1536w, https:\/\/aromasybarricas.com\/wp-content\/uploads\/2025\/11\/tamara-malaniy-jyii09cghJE-unsplash-2048x1365.jpg 2048w, https:\/\/aromasybarricas.com\/wp-content\/uploads\/2025\/11\/tamara-malaniy-jyii09cghJE-unsplash-600x400.jpg 600w\" sizes=\"auto, (max-width: 1024px) 100vw, 1024px\" \/><\/figure>\n\n\n\n<p>Incluye:<\/p>\n\n\n\n<ul class=\"wp-block-list\">\n<li>Visita guiada por los vi\u00f1edos y la zona de producci\u00f3n.<\/li>\n\n\n\n<li>Degustaci\u00f3n de 4 vinos directamente en la bodega.<\/li>\n\n\n\n<li>Explicaci\u00f3n del proceso de vendimia, fermentaci\u00f3n y crianza.<\/li>\n\n\n\n<li>Aperitivo con productos locales y vino de la casa.<\/li>\n<\/ul>\n","protected":false},"excerpt":{"rendered":"<p>Emb\u00e1rcate en una experiencia aut\u00e9ntica entre vi\u00f1edos y barricas.La Cata en Bodega te sumerge en la esencia del vino, desde la vid hasta la copa.Descubre los secretos de la elaboraci\u00f3n mientras recorres nuestras bodegas colaboradoras y disfrutas de un entorno natural inigualable. Incluye:<\/p>\n","protected":false},"author":1,"featured_media":0,"parent":0,"menu_order":0,"comment_status":"closed","ping_status":"closed","template":"","meta":{"footnotes":""},"class_list":["post-189","page","type-page","status-publish","hentry"],"_links":{"self":[{"href":"https:\/\/aromasybarricas.com\/index.php\/wp-json\/wp\/v2\/pages\/189","targetHints":{"allow":["GET"]}}],"collection":[{"href":"https:\/\/aromasybarricas.com\/index.php\/wp-json\/wp\/v2\/pages"}],"about":[{"href":"https:\/\/aromasybarricas.com\/index.php\/wp-json\/wp\/v2\/types\/page"}],"author":[{"embeddable":true,"href":"https:\/\/aromasybarricas.com\/index.php\/wp-json\/wp\/v2\/users\/1"}],"replies":[{"embeddable":true,"href":"https:\/\/aromasybarricas.com\/index.php\/wp-json\/wp\/v2\/comments?post=189"}],"version-history":[{"count":1,"href":"https:\/\/aromasybarricas.com\/index.php\/wp-json\/wp\/v2\/pages\/189\/revisions"}],"predecessor-version":[{"id":192,"href":"https:\/\/aromasybarricas.com\/index.php\/wp-json\/wp\/v2\/pages\/189\/revisions\/192"}],"wp:attachment":[{"href":"https:\/\/aromasybarricas.com\/index.php\/wp-json\/wp\/v2\/media?parent=189"}],"curies":[{"name":"wp","href":"https:\/\/api.w.org\/{rel}","templated":true}]}}