{"id":220,"date":"2025-11-07T19:05:02","date_gmt":"2025-11-07T19:05:02","guid":{"rendered":"https:\/\/aromasybarricas.com\/?page_id=220"},"modified":"2025-11-07T19:05:02","modified_gmt":"2025-11-07T19:05:02","slug":"blog","status":"publish","type":"page","link":"https:\/\/aromasybarricas.com\/index.php\/blog\/","title":{"rendered":"Blog"},"content":{"rendered":"\n<p>En <em>Aromas y Barricas<\/em> creemos que el vino es mucho m\u00e1s que una bebida: es cultura, tradici\u00f3n y emoci\u00f3n.<br>En este espacio compartimos contigo art\u00edculos, curiosidades y consejos para que descubras todo lo que hay detr\u00e1s de cada copa.<\/p>\n\n\n\n<p>Aprender\u00e1s sobre maridajes, variedades de uva, experiencias enol\u00f3gicas \u00fanicas, viajes por bodegas y las tendencias m\u00e1s interesantes del universo vin\u00edcola.<\/p>\n\n\n\n<p>Ya seas un amante del vino o est\u00e9s dando tus primeros pasos en este fascinante mundo, aqu\u00ed encontrar\u00e1s inspiraci\u00f3n para vivir el vino con los cinco sentidos.<\/p>\n\n\n<div  class=\"ultp-post-grid-block wp-block-ultimate-post-post-list-3 ultp-block-4592f2\"><div class=\"ultp-block-wrapper\"><div class=\"ultp-loading\"><div class=\"ultp-loading-blocks\" style=\"width:100%;height:100%;\"><div style=\"left: 0;top: 0;animation-delay:0s;\"><\/div><div style=\"left: 21px;top: 0;animation-delay:0.125s;\"><\/div><div style=\"left: 42px;top: 0;animation-delay:0.25s;\"><\/div><div style=\"left: 0;top: 21px;animation-delay:0.875s;\"><\/div><div style=\"left: 42px;top: 21px;animation-delay:0.375s;\"><\/div><div style=\"left: 0;top: 42px;animation-delay:0.75s;\"><\/div><div style=\"left: 42px;top: 42px;animation-delay:0.625s;\"><\/div><div style=\"left: 21px;top: 42px;animation-delay:0.5s;\"><\/div><\/div><\/div><div class=\"ultp-block-items-wrap ultp-block-row ultp-block-column-1 ultp-block-content-middle ultp-layout1\"><div class=\"ultp-block-item ultp-block-media post-id-208\"><div class=\"ultp-block-content-wrap\"><div class=\"ultp-block-image ultp-block-image-opacity\"><a href=\"https:\/\/aromasybarricas.com\/index.php\/2025\/11\/07\/de-la-vid-a-la-copa-el-viaje-del-vino\/\" ><img decoding=\"async\"  src=\"https:\/\/aromasybarricas.com\/wp-content\/plugins\/ultimate-post\/assets\/img\/ultp-fallback-img.png\" alt=\"dummy-img\" \/><\/a><\/div><div class=\"ultp-block-content\"><div class=\"ultp-category-grid ultp-category-classic ultp-category-aboveTitle\"><div class=\"ultp-category-in\"><a class=\"ultp-cat-uncategorized\" href=\"https:\/\/aromasybarricas.com\/uncategorized\/\"  >Uncategorized<\/a><\/div><\/div><h3 class=\"ultp-block-title \"><a href=\"https:\/\/aromasybarricas.com\/index.php\/2025\/11\/07\/de-la-vid-a-la-copa-el-viaje-del-vino\/\" >De la vid a la copa: el viaje del vino<\/a><\/h3><div class=\"ultp-block-meta ultp-block-meta-dot ultp-block-meta-icon\"><span class=\"ultp-block-author ultp-block-meta-element\"><svg xmlns=\"http:\/\/www.w3.org\/2000\/svg\" fill=\"none\" viewBox=\"0 0 24 24\">\r\n  <circle cx=\"12\" cy=\"7\" r=\"4\" stroke=\"currentColor\" stroke-linejoin=\"round\" stroke-width=\"1.5\"\/>\r\n  <path stroke=\"currentColor\" stroke-linecap=\"round\" stroke-linejoin=\"round\" stroke-width=\"1.5\" d=\"M4 21v-3a4 4 0 0 1 4-4h8a4 4 0 0 1 4 4v3\"\/>\r\n<\/svg>\r\n<a class=\"\" href=\"https:\/\/aromasybarricas.com\/author\/admin\/\">admin<\/a><\/span><span class=\"ultp-block-date ultp-block-meta-element\"><svg xmlns=\"http:\/\/www.w3.org\/2000\/svg\" fill=\"none\" viewBox=\"0 0 24 24\">\r\n  <path stroke=\"currentColor\" stroke-linecap=\"round\" stroke-linejoin=\"round\" stroke-width=\"1.5\" d=\"M3 5.5a2 2 0 0 1 2-2h14a2 2 0 0 1 2 2v14a2 2 0 0 1-2 2H5a2 2 0 0 1-2-2v-14ZM8 2v3m8-3v3M3 9h18\"\/>\r\n<\/svg>\r\nNov 7, 2025<\/span><span class=\"ultp-post-read ultp-block-meta-element\"><svg xmlns=\"http:\/\/www.w3.org\/2000\/svg\" fill=\"none\" viewBox=\"0 0 24 24\">\r\n  <path stroke=\"currentColor\" stroke-linecap=\"round\" stroke-linejoin=\"round\" stroke-width=\"1.5\" d=\"M4 5v14a3 3 0 0 0 3 3h13V8H7a3 3 0 0 1-3-3Zm0 0a3 3 0 0 1 3-3h13M7 5h10\"\/>\r\n  <path stroke=\"currentColor\" stroke-linecap=\"round\" stroke-linejoin=\"round\" stroke-width=\"1.5\" d=\"M9.5 18.5v-3.092a3 3 0 0 1 .504-1.664l1.219-1.828a.934.934 0 0 1 1.554 0l1.22 1.828a3 3 0 0 1 .503 1.664V18.5m-5-2.5h5\"\/>\r\n<\/svg>\r\n3 min read<\/span><\/div><div class=\"ultp-block-excerpt\"><p>Un recorrido por las etapas que transforman una simple uva en una obra de arte l\u00edquida. El vino no nace en la bodega, sino en la tierra.Cada copa que disfrutamos es el resultado de un largo proceso que combina naturaleza,&hellip;<\/p>\n<\/div><\/div><\/div><\/div><div class=\"ultp-block-item ultp-block-media post-id-204\"><div class=\"ultp-block-content-wrap\"><div class=\"ultp-block-image ultp-block-image-opacity\"><a href=\"https:\/\/aromasybarricas.com\/index.php\/2025\/11\/07\/5-curiosidades-sobre-el-vino-que-seguro-no-conocias\/\" ><img decoding=\"async\"  src=\"https:\/\/aromasybarricas.com\/wp-content\/plugins\/ultimate-post\/assets\/img\/ultp-fallback-img.png\" alt=\"dummy-img\" \/><\/a><\/div><div class=\"ultp-block-content\"><div class=\"ultp-category-grid ultp-category-classic ultp-category-aboveTitle\"><div class=\"ultp-category-in\"><a class=\"ultp-cat-curiosidades\" href=\"https:\/\/aromasybarricas.com\/curiosidades\/\"  >curiosidades<\/a><\/div><\/div><h3 class=\"ultp-block-title \"><a href=\"https:\/\/aromasybarricas.com\/index.php\/2025\/11\/07\/5-curiosidades-sobre-el-vino-que-seguro-no-conocias\/\" >5 curiosidades sobre el vino que seguro no conoc\u00edas<\/a><\/h3><div class=\"ultp-block-meta ultp-block-meta-dot ultp-block-meta-icon\"><span class=\"ultp-block-author ultp-block-meta-element\"><svg xmlns=\"http:\/\/www.w3.org\/2000\/svg\" fill=\"none\" viewBox=\"0 0 24 24\">\r\n  <circle cx=\"12\" cy=\"7\" r=\"4\" stroke=\"currentColor\" stroke-linejoin=\"round\" stroke-width=\"1.5\"\/>\r\n  <path stroke=\"currentColor\" stroke-linecap=\"round\" stroke-linejoin=\"round\" stroke-width=\"1.5\" d=\"M4 21v-3a4 4 0 0 1 4-4h8a4 4 0 0 1 4 4v3\"\/>\r\n<\/svg>\r\n<a class=\"\" href=\"https:\/\/aromasybarricas.com\/author\/admin\/\">admin<\/a><\/span><span class=\"ultp-block-date ultp-block-meta-element\"><svg xmlns=\"http:\/\/www.w3.org\/2000\/svg\" fill=\"none\" viewBox=\"0 0 24 24\">\r\n  <path stroke=\"currentColor\" stroke-linecap=\"round\" stroke-linejoin=\"round\" stroke-width=\"1.5\" d=\"M3 5.5a2 2 0 0 1 2-2h14a2 2 0 0 1 2 2v14a2 2 0 0 1-2 2H5a2 2 0 0 1-2-2v-14ZM8 2v3m8-3v3M3 9h18\"\/>\r\n<\/svg>\r\nNov 7, 2025<\/span><span class=\"ultp-post-read ultp-block-meta-element\"><svg xmlns=\"http:\/\/www.w3.org\/2000\/svg\" fill=\"none\" viewBox=\"0 0 24 24\">\r\n  <path stroke=\"currentColor\" stroke-linecap=\"round\" stroke-linejoin=\"round\" stroke-width=\"1.5\" d=\"M4 5v14a3 3 0 0 0 3 3h13V8H7a3 3 0 0 1-3-3Zm0 0a3 3 0 0 1 3-3h13M7 5h10\"\/>\r\n  <path stroke=\"currentColor\" stroke-linecap=\"round\" stroke-linejoin=\"round\" stroke-width=\"1.5\" d=\"M9.5 18.5v-3.092a3 3 0 0 1 .504-1.664l1.219-1.828a.934.934 0 0 1 1.554 0l1.22 1.828a3 3 0 0 1 .503 1.664V18.5m-5-2.5h5\"\/>\r\n<\/svg>\r\n2 min read<\/span><\/div><div class=\"ultp-block-excerpt\"><p>Porque detr\u00e1s de cada copa hay historias, ciencia y un toque de magia. El vino es mucho m\u00e1s que una bebida: es cultura, historia y pasi\u00f3n.Acompa\u00f1a celebraciones, une a las personas y ha sido s\u00edmbolo de arte, amor y vida&hellip;<\/p>\n<\/div><\/div><\/div><\/div><div class=\"ultp-block-item ultp-block-media post-id-197\"><div class=\"ultp-block-content-wrap\"><div class=\"ultp-block-image ultp-block-image-opacity\"><a href=\"https:\/\/aromasybarricas.com\/index.php\/2025\/11\/07\/la-magia-del-maridaje-vinos-y-quesos-que-conquistan-los-sentidos\/\" ><img decoding=\"async\"  src=\"https:\/\/aromasybarricas.com\/wp-content\/plugins\/ultimate-post\/assets\/img\/ultp-fallback-img.png\" alt=\"dummy-img\" \/><\/a><\/div><div class=\"ultp-block-content\"><div class=\"ultp-category-grid ultp-category-classic ultp-category-aboveTitle\"><div class=\"ultp-category-in\"><a class=\"ultp-cat-catas\" href=\"https:\/\/aromasybarricas.com\/catas\/\"  >catas<\/a><\/div><\/div><h3 class=\"ultp-block-title \"><a href=\"https:\/\/aromasybarricas.com\/index.php\/2025\/11\/07\/la-magia-del-maridaje-vinos-y-quesos-que-conquistan-los-sentidos\/\" >La magia del maridaje: vinos y quesos que conquistan los sentidos<\/a><\/h3><div class=\"ultp-block-meta ultp-block-meta-dot ultp-block-meta-icon\"><span class=\"ultp-block-author ultp-block-meta-element\"><svg xmlns=\"http:\/\/www.w3.org\/2000\/svg\" fill=\"none\" viewBox=\"0 0 24 24\">\r\n  <circle cx=\"12\" cy=\"7\" r=\"4\" stroke=\"currentColor\" stroke-linejoin=\"round\" stroke-width=\"1.5\"\/>\r\n  <path stroke=\"currentColor\" stroke-linecap=\"round\" stroke-linejoin=\"round\" stroke-width=\"1.5\" d=\"M4 21v-3a4 4 0 0 1 4-4h8a4 4 0 0 1 4 4v3\"\/>\r\n<\/svg>\r\n<a class=\"\" href=\"https:\/\/aromasybarricas.com\/author\/admin\/\">admin<\/a><\/span><span class=\"ultp-block-date ultp-block-meta-element\"><svg xmlns=\"http:\/\/www.w3.org\/2000\/svg\" fill=\"none\" viewBox=\"0 0 24 24\">\r\n  <path stroke=\"currentColor\" stroke-linecap=\"round\" stroke-linejoin=\"round\" stroke-width=\"1.5\" d=\"M3 5.5a2 2 0 0 1 2-2h14a2 2 0 0 1 2 2v14a2 2 0 0 1-2 2H5a2 2 0 0 1-2-2v-14ZM8 2v3m8-3v3M3 9h18\"\/>\r\n<\/svg>\r\nNov 7, 2025<\/span><span class=\"ultp-post-read ultp-block-meta-element\"><svg xmlns=\"http:\/\/www.w3.org\/2000\/svg\" fill=\"none\" viewBox=\"0 0 24 24\">\r\n  <path stroke=\"currentColor\" stroke-linecap=\"round\" stroke-linejoin=\"round\" stroke-width=\"1.5\" d=\"M4 5v14a3 3 0 0 0 3 3h13V8H7a3 3 0 0 1-3-3Zm0 0a3 3 0 0 1 3-3h13M7 5h10\"\/>\r\n  <path stroke=\"currentColor\" stroke-linecap=\"round\" stroke-linejoin=\"round\" stroke-width=\"1.5\" d=\"M9.5 18.5v-3.092a3 3 0 0 1 .504-1.664l1.219-1.828a.934.934 0 0 1 1.554 0l1.22 1.828a3 3 0 0 1 .503 1.664V18.5m-5-2.5h5\"\/>\r\n<\/svg>\r\n2 min read<\/span><\/div><div class=\"ultp-block-excerpt\"><p>Una experiencia sensorial donde cada aroma y sabor se encuentra en perfecta armon\u00eda. El arte del equilibrio El maridaje es mucho m\u00e1s que una simple combinaci\u00f3n de vino y comida: es un di\u00e1logo entre aromas, texturas y emociones.Cada sorbo y&hellip;<\/p>\n<\/div><\/div><\/div><\/div><\/div><\/div><div class=\"pagination-block-html\" aria-hidden=\"true\" style=\"display: none;\"><\/div><\/div>","protected":false},"excerpt":{"rendered":"<p>En Aromas y Barricas creemos que el vino es mucho m\u00e1s que una bebida: es cultura, tradici\u00f3n y emoci\u00f3n.En este espacio compartimos contigo art\u00edculos, curiosidades y consejos para que descubras todo lo que hay detr\u00e1s de cada copa. Aprender\u00e1s sobre maridajes, variedades de uva, experiencias enol\u00f3gicas \u00fanicas, viajes por bodegas y las tendencias m\u00e1s interesantes [&hellip;]<\/p>\n","protected":false},"author":1,"featured_media":0,"parent":0,"menu_order":0,"comment_status":"closed","ping_status":"closed","template":"","meta":{"footnotes":""},"class_list":["post-220","page","type-page","status-publish","hentry"],"_links":{"self":[{"href":"https:\/\/aromasybarricas.com\/index.php\/wp-json\/wp\/v2\/pages\/220","targetHints":{"allow":["GET"]}}],"collection":[{"href":"https:\/\/aromasybarricas.com\/index.php\/wp-json\/wp\/v2\/pages"}],"about":[{"href":"https:\/\/aromasybarricas.com\/index.php\/wp-json\/wp\/v2\/types\/page"}],"author":[{"embeddable":true,"href":"https:\/\/aromasybarricas.com\/index.php\/wp-json\/wp\/v2\/users\/1"}],"replies":[{"embeddable":true,"href":"https:\/\/aromasybarricas.com\/index.php\/wp-json\/wp\/v2\/comments?post=220"}],"version-history":[{"count":1,"href":"https:\/\/aromasybarricas.com\/index.php\/wp-json\/wp\/v2\/pages\/220\/revisions"}],"predecessor-version":[{"id":221,"href":"https:\/\/aromasybarricas.com\/index.php\/wp-json\/wp\/v2\/pages\/220\/revisions\/221"}],"wp:attachment":[{"href":"https:\/\/aromasybarricas.com\/index.php\/wp-json\/wp\/v2\/media?parent=220"}],"curies":[{"name":"wp","href":"https:\/\/api.w.org\/{rel}","templated":true}]}}