{"id":93,"date":"2025-11-06T18:42:54","date_gmt":"2025-11-06T18:42:54","guid":{"rendered":"https:\/\/aromasybarricas.com\/?page_id=93"},"modified":"2025-11-07T17:46:47","modified_gmt":"2025-11-07T17:46:47","slug":"sobre-nosotros","status":"publish","type":"page","link":"https:\/\/aromasybarricas.com\/index.php\/sobre-nosotros\/","title":{"rendered":"Sobre nosotros"},"content":{"rendered":"\n<div class=\"wp-block-cover alignfull wp-duotone-unset-2\" style=\"margin-top:0;padding-top:48px;padding-right:48px;padding-bottom:48px;padding-left:48px;min-height:66vh;aspect-ratio:unset;\"><img loading=\"lazy\" decoding=\"async\" width=\"753\" height=\"503\" class=\"wp-block-cover__image-background wp-image-131 size-full\" alt=\"\" src=\"https:\/\/aromasybarricas.com\/wp-content\/uploads\/2025\/11\/Captura-de-pantalla-2025-11-07-154126.png\" data-object-fit=\"cover\" srcset=\"https:\/\/aromasybarricas.com\/wp-content\/uploads\/2025\/11\/Captura-de-pantalla-2025-11-07-154126.png 753w, https:\/\/aromasybarricas.com\/wp-content\/uploads\/2025\/11\/Captura-de-pantalla-2025-11-07-154126-300x200.png 300w, https:\/\/aromasybarricas.com\/wp-content\/uploads\/2025\/11\/Captura-de-pantalla-2025-11-07-154126-600x401.png 600w\" sizes=\"auto, (max-width: 753px) 100vw, 753px\" \/><span aria-hidden=\"true\" class=\"wp-block-cover__background has-background-dim-30 has-background-dim\" style=\"background-color:#8c7462\"><\/span><div class=\"wp-block-cover__inner-container is-layout-flow wp-block-cover-is-layout-flow\">\n<div class=\"wp-block-group has-global-padding is-content-justification-center is-layout-constrained wp-container-core-group-is-layout-b3bc50f0 wp-block-group-is-layout-constrained\">\n<p class=\"has-text-align-center is-style-text-display is-style-text-display--1\" style=\"margin-right:0;margin-left:0\">Nuestra esencia: vivir el vino con los cinco sentidos<\/p>\n<\/div>\n<\/div><\/div>\n\n\n\n<p>En <em>Aromas y Barricas<\/em> creemos que el vino no solo se degusta, se vive.<br>Cada copa encierra el trabajo de la tierra, el clima y la pasi\u00f3n de quienes lo elaboran. Por eso, nuestras experiencias enol\u00f3gicas est\u00e1n dise\u00f1adas para conectar a las personas con el alma del vino: su historia, sus aromas y la emoci\u00f3n de compartirlo.<\/p>\n\n\n\n<p>Queremos que nuestros visitantes descubran el vino de una forma diferente, con los cinco sentidos, disfrutando de paisajes, tradiciones y momentos que se recuerdan mucho despu\u00e9s del \u00faltimo brindis.<\/p>\n\n\n\n<h2 class=\"wp-block-heading\">Nuestra filosof\u00eda<\/h2>\n\n\n\n<p>Nuestro prop\u00f3sito es ofrecer experiencias aut\u00e9nticas, sostenibles y personalizadas que acerquen el mundo del vino tanto a aficionados como a curiosos.<br>Creemos en un enoturismo responsable, que respeta la naturaleza y pone en valor el trabajo de las bodegas locales.<\/p>\n\n\n\n<p>Cada detalle cuenta: desde la elecci\u00f3n del entorno hasta la atenci\u00f3n cercana que ofrecemos en cada actividad. En <em>Aromas y Barricas<\/em>, cada visita es una invitaci\u00f3n a detenerse, respirar y saborear el momento.<\/p>\n","protected":false},"excerpt":{"rendered":"<p>En Aromas y Barricas creemos que el vino no solo se degusta, se vive.Cada copa encierra el trabajo de la tierra, el clima y la pasi\u00f3n de quienes lo elaboran. Por eso, nuestras experiencias enol\u00f3gicas est\u00e1n dise\u00f1adas para conectar a las personas con el alma del vino: su historia, sus aromas y la emoci\u00f3n de [&hellip;]<\/p>\n","protected":false},"author":1,"featured_media":0,"parent":0,"menu_order":0,"comment_status":"closed","ping_status":"closed","template":"","meta":{"footnotes":""},"class_list":["post-93","page","type-page","status-publish","hentry"],"_links":{"self":[{"href":"https:\/\/aromasybarricas.com\/index.php\/wp-json\/wp\/v2\/pages\/93","targetHints":{"allow":["GET"]}}],"collection":[{"href":"https:\/\/aromasybarricas.com\/index.php\/wp-json\/wp\/v2\/pages"}],"about":[{"href":"https:\/\/aromasybarricas.com\/index.php\/wp-json\/wp\/v2\/types\/page"}],"author":[{"embeddable":true,"href":"https:\/\/aromasybarricas.com\/index.php\/wp-json\/wp\/v2\/users\/1"}],"replies":[{"embeddable":true,"href":"https:\/\/aromasybarricas.com\/index.php\/wp-json\/wp\/v2\/comments?post=93"}],"version-history":[{"count":8,"href":"https:\/\/aromasybarricas.com\/index.php\/wp-json\/wp\/v2\/pages\/93\/revisions"}],"predecessor-version":[{"id":201,"href":"https:\/\/aromasybarricas.com\/index.php\/wp-json\/wp\/v2\/pages\/93\/revisions\/201"}],"wp:attachment":[{"href":"https:\/\/aromasybarricas.com\/index.php\/wp-json\/wp\/v2\/media?parent=93"}],"curies":[{"name":"wp","href":"https:\/\/api.w.org\/{rel}","templated":true}]}}